{"id":1275,"date":"2017-02-07T19:40:40","date_gmt":"2017-02-07T19:40:40","guid":{"rendered":"http:\/\/tommustester.wpengine.com\/?page_id=1275"},"modified":"2024-02-21T09:14:02","modified_gmt":"2024-02-21T09:14:02","slug":"home-knowledge-base","status":"publish","type":"page","link":"\/","title":{"rendered":"Online Dating QFP The Casual Lounge"},"content":{"rendered":"[vc_row full_width=&#8221;stretch_row&#8221;][vc_column]\n\t\t\t<section class=\"imagebg parallax \" data-overlay=\"3\" >\n\t\t\t\t<div class=\"background-image-holder\"><img width=\"1150\" height=\"766\" src=\"\/wp-content\/uploads\/2018\/06\/iStock_67121705_MEDIUM-e1531836839484.jpg\" class=\"attachment-full size-full\" alt=\"\" decoding=\"async\" loading=\"lazy\" \/><\/div>\n\t\t\t\t<div class=\"container\">\n\t\t\t\t\t<div class=\"row\">\n\t\t\t\t\t\t<div class=\"col-sm-12\">\n\t\t\t\t\t\t\t<div class=\"cta\">\n\t\t\t\t\t\t\t\t[vc_row_inner][vc_column_inner width=&#8221;1\/6&#8243;][\/vc_column_inner][vc_column_inner width=&#8221;2\/3&#8243;][vc_column_text]\n<h1 style=\"text-align: center;\"><strong>QFP Rencontres en ligne &#8211; Centre d\u2019aide TheCasualLounge \u2764\ufe0f<\/strong><\/h1>\n<p>Les r\u00e9ponses du service client de TheCasualLounge aux questions les plus fr\u00e9quentes des utilisateurs<\/p>\n[\/vc_column_text][vc_empty_space][vc_wp_search el_class=&#8221;boxed boxed&#8211;lg bg&#8211;white text-left&#8221;][\/vc_column_inner][vc_column_inner width=&#8221;1\/6&#8243;][\/vc_column_inner][\/vc_row_inner]\n\t\t\t\t\t\t\t<\/div>\n\t\t\t\t\t\t<\/div>\n\t\t\t\t\t<\/div><!--end of row-->\n\t\t\t\t<\/div><!--end of container-->\n\t\t\t\t\n\t\t\t<\/section>\n\t\t[\/vc_column][\/vc_row][vc_row css=&#8221;.vc_custom_1529535808650{margin-top: 30px !important;margin-bottom: 30px !important;}&#8221;][vc_column][vc_column_text]\n<h2 style=\"text-align: center;\"><strong>=\u27a4 Comment trouver des partenaires sexuels sur Internet<\/strong><\/h2>\n<p><strong>Retrouvez ici les r\u00e9ponses aux questions des utilisateurs de TheCasualLounge ainsi que de nombreux conseils pour trouver facilement des partenaires!<\/strong><\/p>\n[\/vc_column_text][\/vc_column][\/vc_row][vc_row][vc_column width=&#8221;1\/2&#8243; css=&#8221;.vc_custom_1529535899512{margin-bottom: -30px !important;}&#8221;]\n\t\t\t<div class=\" feature feature-1\">\n\t\t\t    <img width=\"800\" height=\"400\" src=\"\/wp-content\/uploads\/2018\/06\/800x400-Fotolia-95809958.jpg\" class=\"attachment-large size-large\" alt=\"\" decoding=\"async\" loading=\"lazy\" srcset=\"https:\/\/faq-internal.thecasuallounge.fr\/wp-content\/uploads\/2018\/06\/800x400-Fotolia-95809958.jpg 800w, https:\/\/faq-internal.thecasuallounge.fr\/wp-content\/uploads\/2018\/06\/800x400-Fotolia-95809958-300x150.jpg 300w, https:\/\/faq-internal.thecasuallounge.fr\/wp-content\/uploads\/2018\/06\/800x400-Fotolia-95809958-768x384.jpg 768w\" sizes=\"(max-width: 800px) 100vw, 800px\" \/>\n\t\t\t    <div class=\"feature__body boxed boxed--border\">\n<h2><a href=\"\/en-bref\/\">TheCasualLounge en bref<\/a><\/h2>\n<p>TheCasualLounge est-il un portail de rencontres comme les autres? Par qui est-il g\u00e9r\u00e9? Quelles sont ses sp\u00e9cificit\u00e9s? <br>Qui peut-on rencontrer sur la plateforme, pour quel type de relations? Lisez la suite! <a style=\"text-decoration: none;\" href=\"\/en-bref\/\">\u23e9<\/a><\/div>\n\t\t\t<\/div><!--end feature-->\n\t\t[\/vc_column][vc_column width=&#8221;1\/2&#8243; css=&#8221;.vc_custom_1529535906943{margin-bottom: -30px !important;}&#8221;]\n\t\t\t<div class=\" feature feature-1\">\n\t\t\t    <img width=\"800\" height=\"400\" src=\"\/wp-content\/uploads\/2018\/06\/ThinkstockPhotos-514515959-1.jpg\" class=\"attachment-large size-large\" alt=\"\" decoding=\"async\" loading=\"lazy\" srcset=\"https:\/\/faq-internal.thecasuallounge.fr\/wp-content\/uploads\/2018\/06\/ThinkstockPhotos-514515959-1.jpg 800w, https:\/\/faq-internal.thecasuallounge.fr\/wp-content\/uploads\/2018\/06\/ThinkstockPhotos-514515959-1-300x150.jpg 300w, https:\/\/faq-internal.thecasuallounge.fr\/wp-content\/uploads\/2018\/06\/ThinkstockPhotos-514515959-1-768x384.jpg 768w\" sizes=\"(max-width: 800px) 100vw, 800px\" \/>\n\t\t\t    <div class=\"feature__body boxed boxed--border\">\n<h2><a href=\"\/profil\/\">Mon profil<\/a><\/h2>\n<p>Comment cr\u00e9er et g\u00e9rer mon profil sur TheCasualLounge, et comment le param\u00e9trer de mani\u00e8re optimale? Comment avoir du succ\u00e8s sur la plateforme? D\u00e9couvrez les meilleurs conseils de casual daters exp\u00e9riment\u00e9s <a style=\"text-decoration: none;\" href=\"\/profil\/\">\u23e9<\/a><\/div>\n\t\t\t<\/div><!--end feature-->\n\t\t[\/vc_column][\/vc_row][vc_row][vc_column width=&#8221;1\/2&#8243; css=&#8221;.vc_custom_1529535922283{margin-bottom: -30px !important;}&#8221;]\n\t\t\t<div class=\" feature feature-1\">\n\t\t\t    <img width=\"800\" height=\"246\" src=\"\/wp-content\/uploads\/2018\/07\/shutterstock_104455379.jpg\" class=\"attachment-large size-large\" alt=\"\" decoding=\"async\" loading=\"lazy\" srcset=\"https:\/\/faq-internal.thecasuallounge.fr\/wp-content\/uploads\/2018\/07\/shutterstock_104455379.jpg 800w, https:\/\/faq-internal.thecasuallounge.fr\/wp-content\/uploads\/2018\/07\/shutterstock_104455379-300x92.jpg 300w, https:\/\/faq-internal.thecasuallounge.fr\/wp-content\/uploads\/2018\/07\/shutterstock_104455379-768x236.jpg 768w\" sizes=\"(max-width: 800px) 100vw, 800px\" \/>\n\t\t\t    <div class=\"feature__body boxed boxed--border\">\n<h2><a href=\"\/communication\/\">Communication<\/a><\/h2>\n<p>Comment fonctionne la communication entre membres sur TheCasualLounge? Comment envoyer des messages aux autres utilisateurs et quelle est la meilleure approche pour avoir du succ\u00e8s? Tous nos conseils pour r\u00e9ussir! <a style=\"text-decoration: none;\" href=\"\/communication\/\">\u23e9<\/a><\/div>\n\t\t\t<\/div><!--end feature-->\n\t\t[\/vc_column][vc_column width=&#8221;1\/2&#8243; css=&#8221;.vc_custom_1529535926826{margin-bottom: -30px !important;}&#8221;]\n\t\t\t<div class=\" feature feature-1\">\n\t\t\t    <img width=\"800\" height=\"400\" src=\"\/wp-content\/uploads\/2018\/06\/shutterstock_613382234_mit-TCL-1.jpg\" class=\"attachment-large size-large\" alt=\"\" decoding=\"async\" loading=\"lazy\" srcset=\"https:\/\/faq-internal.thecasuallounge.fr\/wp-content\/uploads\/2018\/06\/shutterstock_613382234_mit-TCL-1.jpg 800w, https:\/\/faq-internal.thecasuallounge.fr\/wp-content\/uploads\/2018\/06\/shutterstock_613382234_mit-TCL-1-300x150.jpg 300w, https:\/\/faq-internal.thecasuallounge.fr\/wp-content\/uploads\/2018\/06\/shutterstock_613382234_mit-TCL-1-768x384.jpg 768w\" sizes=\"(max-width: 800px) 100vw, 800px\" \/>\n\t\t\t    <div class=\"feature__body boxed boxed--border\">\n<h2><a href=\"\/securite-et-protection\/\">S\u00e9curit\u00e9 et protection des donn\u00e9es<\/a><\/h2>\n<p>TheCasualLounge est-il un site de rencontres s\u00fbr? Suis-je vraiment anonyme lorsque j\u2019utilise la plateforme? <br>Mes donn\u00e9es sont-elles toujours en s\u00e9curit\u00e9 sur le site? Toutes les r\u00e9ponses \u00e0 vos questions! <a style=\"text-decoration: none;\" href=\"\/securite-et-protection\/\">\u23e9<\/a><\/div>\n\t\t\t<\/div><!--end feature-->\n\t\t[\/vc_column][\/vc_row][vc_row][vc_column width=&#8221;1\/2&#8243; css=&#8221;.vc_custom_1529535932123{margin-bottom: -30px !important;}&#8221;]\n\t\t\t<div class=\" feature feature-1\">\n\t\t\t    <img width=\"800\" height=\"400\" src=\"\/wp-content\/uploads\/2018\/06\/shutterstock_358879223.jpg\" class=\"attachment-large size-large\" alt=\"\" decoding=\"async\" loading=\"lazy\" srcset=\"https:\/\/faq-internal.thecasuallounge.fr\/wp-content\/uploads\/2018\/06\/shutterstock_358879223.jpg 800w, https:\/\/faq-internal.thecasuallounge.fr\/wp-content\/uploads\/2018\/06\/shutterstock_358879223-300x150.jpg 300w, https:\/\/faq-internal.thecasuallounge.fr\/wp-content\/uploads\/2018\/06\/shutterstock_358879223-768x384.jpg 768w\" sizes=\"(max-width: 800px) 100vw, 800px\" \/>\n\t\t\t    <div class=\"feature__body boxed boxed--border\">\n<h2><a href=\"\/problemes-techniques\/\">Probl\u00e8mes techniques<\/a><\/h2>\n<p>Vous trouverez ci-dessous des solutions possibles aux probl\u00e8mes techniques que vous pourriez rencontrer sur TheCasualLounge. D\u00e9couvrez les r\u00e9ponses de nos sp\u00e9cialistes! <a style=\"text-decoration: none;\" href=\"\/problemes-techniques\/\">\u23e9<\/a><\/div>\n\t\t\t<\/div><!--end feature-->\n\t\t[\/vc_column][vc_column width=&#8221;1\/2&#8243; css=&#8221;.vc_custom_1529535936680{margin-bottom: -30px !important;}&#8221;]\n\t\t\t<div class=\" feature feature-1\">\n\t\t\t    <img width=\"800\" height=\"400\" src=\"\/wp-content\/uploads\/2018\/06\/ThinkstockPhotos-5131829771.jpg\" class=\"attachment-large size-large\" alt=\"\" decoding=\"async\" loading=\"lazy\" srcset=\"https:\/\/faq-internal.thecasuallounge.fr\/wp-content\/uploads\/2018\/06\/ThinkstockPhotos-5131829771.jpg 800w, https:\/\/faq-internal.thecasuallounge.fr\/wp-content\/uploads\/2018\/06\/ThinkstockPhotos-5131829771-300x150.jpg 300w, https:\/\/faq-internal.thecasuallounge.fr\/wp-content\/uploads\/2018\/06\/ThinkstockPhotos-5131829771-768x384.jpg 768w\" sizes=\"(max-width: 800px) 100vw, 800px\" \/>\n\t\t\t    <div class=\"feature__body boxed boxed--border\">\n<h2><a href=\"\/tarifs\/\">Tarifs<\/a><\/h2>\n<p>Combien co\u00fbte l\u2019inscription \u00e0 thecasuallounge.fr? Quelles sont les moyens de paiement accept\u00e9es? Y a-t-il des promotions? Consultez nos diff\u00e9rentes offres d\u2019abonnement \u00e0 TheCasualLounge. <a style=\"text-decoration: none;\" href=\"\/tarifs\/\"><span style=\"vertical-align: inherit;\">\u23e9<\/span><\/a><span style=\"vertical-align: inherit;\"> <\/span><\/div>\n\t\t\t<\/div><!--end feature-->\n\t\t[\/vc_column][\/vc_row][vc_row][vc_column width=&#8221;1\/4&#8243;][\/vc_column][vc_column width=&#8221;1\/2&#8243; css=&#8221;.vc_custom_1529535940807{margin-bottom: -30px !important;}&#8221;]\n\t\t\t<div class=\" feature feature-1\">\n\t\t\t    <img width=\"800\" height=\"400\" src=\"\/wp-content\/uploads\/2018\/06\/shutterstock_368524031.jpg\" class=\"attachment-large size-large\" alt=\"\" decoding=\"async\" loading=\"lazy\" srcset=\"https:\/\/faq-internal.thecasuallounge.fr\/wp-content\/uploads\/2018\/06\/shutterstock_368524031.jpg 800w, https:\/\/faq-internal.thecasuallounge.fr\/wp-content\/uploads\/2018\/06\/shutterstock_368524031-300x150.jpg 300w, https:\/\/faq-internal.thecasuallounge.fr\/wp-content\/uploads\/2018\/06\/shutterstock_368524031-768x384.jpg 768w\" sizes=\"(max-width: 800px) 100vw, 800px\" \/>\n\t\t\t    <div class=\"feature__body boxed boxed--border\">\n<h2><a href=\"\/experiences\/\">T\u00e9moignages et commentaires<\/a><\/h2>\n<p>Que disent les utilisateurs et utilisatrices de TheCasualLounge? Comment vivent-ils les rencontres qu\u2019ils font sur la plateforme? A quoi dois-je m\u2019attendre en rejoignant la communaut\u00e9 des casual daters? Nous avons rassembl\u00e9 pour vous des commentaires et des t\u00e9moignages d\u2019utilisateurs. <a style=\"text-decoration: none;\" href=\"\/experiences\/\"><span style=\"vertical-align: inherit;\">\u23e9<\/span><\/a><\/div>\n\t\t\t<\/div><!--end feature-->\n\t\t[\/vc_column][vc_column width=&#8221;1\/4&#8243;][\/vc_column][\/vc_row]\n<h2>&nbsp;<\/h2>\n\n\n<p><\/p>\n","protected":false},"excerpt":{"rendered":"<p>[vc_row full_width=&#8221;stretch_row&#8221;][vc_column][\/vc_column][\/vc_row][vc_row css=&#8221;.vc_custom_1529535808650{margin-top: 30px !important;margin-bottom: 30px !important;}&#8221;][vc_column][vc_column_text] =\u27a4 Comment trouver des partenaires sexuels sur Internet Retrouvez ici les r\u00e9ponses aux questions des&#8230;<\/p>\n","protected":false},"author":1,"featured_media":0,"parent":0,"menu_order":0,"comment_status":"closed","ping_status":"closed","template":"","meta":{"_mi_skip_tracking":false},"yoast_head":"<!-- This site is optimized with the Yoast SEO plugin v14.7 - https:\/\/yoast.com\/wordpress\/plugins\/seo\/ -->\n<title>Online Dating FAQ 2024 - The Casual Lounge FR Help Center \u2764\ufe0f<\/title>\n<meta name=\"description\" content=\"The Casual Lounge Support r\u00e9pond aux questions fr\u00e9quemment pos\u00e9es par les utilisateurs : FAQ sur les rencontres en ligne + guide contenant de nombreux conseils pour r\u00e9ussir \u00e0 trouver un partenaire sexuel \u2764\ufe0f\" \/>\n<meta name=\"robots\" content=\"index, follow\" \/>\n<meta name=\"googlebot\" content=\"index, follow, max-snippet:-1, max-image-preview:large, max-video-preview:-1\" \/>\n<meta name=\"bingbot\" content=\"index, follow, max-snippet:-1, max-image-preview:large, max-video-preview:-1\" \/>\n<link rel=\"canonical\" href=\"https:\/\/faq-internal.thecasuallounge.fr\/\" \/>\n<meta property=\"og:locale\" content=\"en_US\" \/>\n<meta property=\"og:type\" content=\"article\" \/>\n<meta property=\"og:title\" content=\"Online Dating FAQ 2024 - The Casual Lounge FR Help Center \u2764\ufe0f\" \/>\n<meta property=\"og:description\" content=\"The Casual Lounge Support r\u00e9pond aux questions fr\u00e9quemment pos\u00e9es par les utilisateurs : FAQ sur les rencontres en ligne + guide contenant de nombreux conseils pour r\u00e9ussir \u00e0 trouver un partenaire sexuel \u2764\ufe0f\" \/>\n<meta property=\"og:url\" content=\"\/\" \/>\n<meta property=\"og:site_name\" content=\"Help Center\" \/>\n<meta property=\"article:modified_time\" content=\"2024-02-21T09:14:02+00:00\" \/>\n<meta name=\"twitter:card\" content=\"summary_large_image\" \/>\n<script type=\"application\/ld+json\" class=\"yoast-schema-graph\">{\"@context\":\"https:\/\/schema.org\",\"@graph\":[{\"@type\":\"WebSite\",\"@id\":\"https:\/\/faq-internal.thecasuallounge.fr\/#website\",\"url\":\"https:\/\/faq-internal.thecasuallounge.fr\/\",\"name\":\"Help Center\",\"description\":\"The Casual Lounge\",\"potentialAction\":[{\"@type\":\"SearchAction\",\"target\":\"https:\/\/faq-internal.thecasuallounge.fr\/?s={search_term_string}\",\"query-input\":\"required name=search_term_string\"}],\"inLanguage\":\"en-US\"},{\"@type\":\"WebPage\",\"@id\":\"https:\/\/faq-internal.thecasuallounge.fr\/#webpage\",\"url\":\"https:\/\/faq-internal.thecasuallounge.fr\/\",\"name\":\"Online Dating FAQ 2024 - The Casual Lounge FR Help Center \\u2764\\ufe0f\",\"isPartOf\":{\"@id\":\"https:\/\/faq-internal.thecasuallounge.fr\/#website\"},\"datePublished\":\"2017-02-07T19:40:40+00:00\",\"dateModified\":\"2024-02-21T09:14:02+00:00\",\"description\":\"The Casual Lounge Support r\\u00e9pond aux questions fr\\u00e9quemment pos\\u00e9es par les utilisateurs : FAQ sur les rencontres en ligne + guide contenant de nombreux conseils pour r\\u00e9ussir \\u00e0 trouver un partenaire sexuel \\u2764\\ufe0f\",\"inLanguage\":\"en-US\",\"potentialAction\":[{\"@type\":\"ReadAction\",\"target\":[\"https:\/\/faq-internal.thecasuallounge.fr\/\"]}]}]}<\/script>\n<!-- \/ Yoast SEO plugin. -->","_links":{"self":[{"href":"https:\/\/faq-internal.thecasuallounge.fr\/wp-json\/wp\/v2\/pages\/1275"}],"collection":[{"href":"https:\/\/faq-internal.thecasuallounge.fr\/wp-json\/wp\/v2\/pages"}],"about":[{"href":"https:\/\/faq-internal.thecasuallounge.fr\/wp-json\/wp\/v2\/types\/page"}],"author":[{"embeddable":true,"href":"https:\/\/faq-internal.thecasuallounge.fr\/wp-json\/wp\/v2\/users\/1"}],"replies":[{"embeddable":true,"href":"https:\/\/faq-internal.thecasuallounge.fr\/wp-json\/wp\/v2\/comments?post=1275"}],"version-history":[{"count":190,"href":"https:\/\/faq-internal.thecasuallounge.fr\/wp-json\/wp\/v2\/pages\/1275\/revisions"}],"predecessor-version":[{"id":5203,"href":"https:\/\/faq-internal.thecasuallounge.fr\/wp-json\/wp\/v2\/pages\/1275\/revisions\/5203"}],"wp:attachment":[{"href":"https:\/\/faq-internal.thecasuallounge.fr\/wp-json\/wp\/v2\/media?parent=1275"}],"curies":[{"name":"wp","href":"https:\/\/api.w.org\/{rel}","templated":true}]}}